{"id":2815,"date":"2020-05-04T18:51:47","date_gmt":"2020-05-04T18:51:47","guid":{"rendered":"https:\/\/cryptos724.com\/guia-de-fiscalidad-cripto\/"},"modified":"2020-07-20T14:02:48","modified_gmt":"2020-07-20T14:02:48","slug":"guia-de-fiscalidad-cripto","status":"publish","type":"page","link":"https:\/\/cryptos724.com\/de\/guia-de-fiscalidad-cripto\/","title":{"rendered":"Gu\u00eda de fiscalidad cripto"},"content":{"rendered":"<p>[et_pb_section fb_built=&#8220;1&#8243; admin_label=&#8220;Header&#8220; _builder_version=&#8220;4.3.3&#8243; background_color=&#8220;#ffd000&#8243; background_color_gradient_direction=&#8220;60deg&#8220; background_enable_image=&#8220;off&#8220; background_size=&#8220;initial&#8220; custom_padding=&#8220;60px|0px|60px|0px|false|false&#8220; custom_width_px__hover=&#8220;1080px&#8220; custom_width_px__hover_enabled=&#8220;1080px&#8220; custom_width_percent__hover=&#8220;80%&#8220; custom_width_percent__hover_enabled=&#8220;80%&#8220; locked=&#8220;off&#8220; parallax_1__hover=&#8220;off&#8220; parallax_1__hover_enabled=&#8220;off&#8220; parallax_2__hover=&#8220;off&#8220; parallax_2__hover_enabled=&#8220;off&#8220; parallax_3__hover=&#8220;off&#8220; parallax_3__hover_enabled=&#8220;off&#8220; parallax_method_1__hover=&#8220;on&#8220; parallax_method_1__hover_enabled=&#8220;on&#8220; parallax_method_2__hover=&#8220;on&#8220; parallax_method_2__hover_enabled=&#8220;on&#8220; parallax_method_3__hover=&#8220;on&#8220; parallax_method_3__hover_enabled=&#8220;on&#8220; use_background_color_gradient__hover=&#8220;off&#8220; use_background_color_gradient__hover_enabled=&#8220;off&#8220; background_color_gradient_start__hover=&#8220;#2b87da&#8220; background_color_gradient_start__hover_enabled=&#8220;#2b87da&#8220; background_color_gradient_end__hover=&#8220;#29c4a9&#8243; background_color_gradient_end__hover_enabled=&#8220;#29c4a9&#8243; background_color_gradient_type__hover=&#8220;linear&#8220; background_color_gradient_type__hover_enabled=&#8220;linear&#8220; background_color_gradient_direction__hover=&#8220;180deg&#8220; background_color_gradient_direction__hover_enabled=&#8220;180deg&#8220; background_color_gradient_direction_radial__hover=&#8220;center&#8220; background_color_gradient_direction_radial__hover_enabled=&#8220;center&#8220; background_color_gradient_start_position__hover=&#8220;0%&#8220; background_color_gradient_start_position__hover_enabled=&#8220;0%&#8220; background_color_gradient_end_position__hover=&#8220;100%&#8220; background_color_gradient_end_position__hover_enabled=&#8220;100%&#8220; background_color_gradient_overlays_image__hover=&#8220;off&#8220; background_color_gradient_overlays_image__hover_enabled=&#8220;off&#8220; parallax__hover=&#8220;off&#8220; parallax__hover_enabled=&#8220;off&#8220; parallax_method__hover=&#8220;on&#8220; parallax_method__hover_enabled=&#8220;on&#8220; background_size__hover=&#8220;cover&#8220; background_size__hover_enabled=&#8220;cover&#8220; background_position__hover=&#8220;center&#8220; background_position__hover_enabled=&#8220;center&#8220; background_repeat__hover=&#8220;no-repeat&#8220; background_repeat__hover_enabled=&#8220;no-repeat&#8220; background_blend__hover=&#8220;normal&#8220; background_blend__hover_enabled=&#8220;normal&#8220; allow_player_pause__hover=&#8220;off&#8220; allow_player_pause__hover_enabled=&#8220;off&#8220; background_video_pause_outside_viewport__hover=&#8220;on&#8220; background_video_pause_outside_viewport__hover_enabled=&#8220;on&#8220; inner_shadow__hover=&#8220;off&#8220; inner_shadow__hover_enabled=&#8220;off&#8220; make_fullwidth__hover=&#8220;off&#8220; make_fullwidth__hover_enabled=&#8220;off&#8220; use_custom_width__hover=&#8220;off&#8220; use_custom_width__hover_enabled=&#8220;off&#8220; width_unit__hover=&#8220;on&#8220; width_unit__hover_enabled=&#8220;on&#8220; make_equal__hover=&#8220;off&#8220; make_equal__hover_enabled=&#8220;off&#8220; use_custom_gutter__hover=&#8220;off&#8220; use_custom_gutter__hover_enabled=&#8220;off&#8220; gutter_width__hover=&#8220;3&#8243; gutter_width__hover_enabled=&#8220;3&#8243; border_radii__hover=&#8220;on||||&#8220; border_radii__hover_enabled=&#8220;on||||&#8220; box_shadow_style__hover=&#8220;none&#8220; box_shadow_style__hover_enabled=&#8220;none&#8220; box_shadow_color__hover=&#8220;rgba(0,0,0,0.3)&#8220; box_shadow_color__hover_enabled=&#8220;rgba(0,0,0,0.3)&#8220; max_width__hover=&#8220;100%&#8220; max_width__hover_enabled=&#8220;100%&#8220; filter_hue_rotate__hover=&#8220;0deg&#8220; filter_hue_rotate__hover_enabled=&#8220;0deg&#8220; filter_saturate__hover=&#8220;100%&#8220; filter_saturate__hover_enabled=&#8220;100%&#8220; filter_brightness__hover=&#8220;100%&#8220; filter_brightness__hover_enabled=&#8220;100%&#8220; filter_contrast__hover=&#8220;100%&#8220; filter_contrast__hover_enabled=&#8220;100%&#8220; filter_invert__hover=&#8220;0%&#8220; filter_invert__hover_enabled=&#8220;0%&#8220; filter_sepia__hover=&#8220;0%&#8220; filter_sepia__hover_enabled=&#8220;0%&#8220; filter_opacity__hover=&#8220;100%&#8220; filter_opacity__hover_enabled=&#8220;100%&#8220; filter_blur__hover=&#8220;0px&#8220; filter_blur__hover_enabled=&#8220;0px&#8220; mix_blend_mode__hover=&#8220;normal&#8220; mix_blend_mode__hover_enabled=&#8220;normal&#8220; animation_style__hover=&#8220;none&#8220; animation_style__hover_enabled=&#8220;none&#8220; animation_repeat__hover=&#8220;once&#8220; animation_repeat__hover_enabled=&#8220;once&#8220; animation_direction__hover=&#8220;center&#8220; animation_direction__hover_enabled=&#8220;center&#8220; animation_duration__hover=&#8220;1000ms&#8220; animation_duration__hover_enabled=&#8220;1000ms&#8220; animation_delay__hover=&#8220;0ms&#8220; animation_delay__hover_enabled=&#8220;0ms&#8220; animation_intensity_slide__hover=&#8220;50%&#8220; animation_intensity_slide__hover_enabled=&#8220;50%&#8220; animation_intensity_zoom__hover=&#8220;50%&#8220; animation_intensity_zoom__hover_enabled=&#8220;50%&#8220; animation_intensity_flip__hover=&#8220;50%&#8220; animation_intensity_flip__hover_enabled=&#8220;50%&#8220; animation_intensity_fold__hover=&#8220;50%&#8220; animation_intensity_fold__hover_enabled=&#8220;50%&#8220; animation_intensity_roll__hover=&#8220;50%&#8220; animation_intensity_roll__hover_enabled=&#8220;50%&#8220; animation_starting_opacity__hover=&#8220;0%&#8220; animation_starting_opacity__hover_enabled=&#8220;0%&#8220; animation_speed_curve__hover=&#8220;ease-in-out&#8220; animation_speed_curve__hover_enabled=&#8220;ease-in-out&#8220; hover_transition_duration__hover=&#8220;300ms&#8220; hover_transition_duration__hover_enabled=&#8220;300ms&#8220; hover_transition_delay__hover=&#8220;0ms&#8220; hover_transition_delay__hover_enabled=&#8220;0ms&#8220; hover_transition_speed_curve__hover=&#8220;ease&#8220; hover_transition_speed_curve__hover_enabled=&#8220;ease&#8220;][et_pb_row _builder_version=&#8220;4.3.3&#8243; custom_padding=&#8220;0px||0px|||&#8220;][et_pb_column type=&#8220;4_4&#8243; _builder_version=&#8220;4.3.3&#8243;][et_pb_text _builder_version=&#8220;4.3.3&#8243; text_font=&#8220;Overpass|300|||||||&#8220; text_font_size=&#8220;20px&#8220; text_line_height=&#8220;1.8em&#8220; header_font=&#8220;Overpass|900|||||||&#8220; header_text_align=&#8220;left&#8220; header_font_size=&#8220;65px&#8220; header_line_height=&#8220;1.25em&#8220; text_orientation=&#8220;justified&#8220; header_font_size_tablet=&#8220;&#8220; header_font_size_phone=&#8220;40px&#8220; header_font_size_last_edited=&#8220;on|phone&#8220; text_orientation_tablet=&#8220;justified&#8220; text_orientation_phone=&#8220;left&#8220; text_orientation_last_edited=&#8220;on|phone&#8220;]<\/p>\n<h1>GU\u00cdA DE FISCALIDAD CRIPTO<\/h1>\n<p>[\/et_pb_text][\/et_pb_column][\/et_pb_row][\/et_pb_section][et_pb_section fb_built=&#8220;1&#8243; _builder_version=&#8220;4.3.3&#8243; custom_padding=&#8220;60px||60px||false|&#8220;][et_pb_row column_structure=&#8220;1_2,1_2&#8243; _builder_version=&#8220;4.3.3&#8243; custom_padding=&#8220;0px||0px|||&#8220;][et_pb_column type=&#8220;1_2&#8243; _builder_version=&#8220;4.3.3&#8243;][et_pb_text _builder_version=&#8220;4.3.3&#8243; text_font=&#8220;Overpass|300|||||||&#8220; text_font_size=&#8220;20px&#8220; text_line_height=&#8220;1.8em&#8220; header_font=&#8220;Overpass|900|||||||&#8220; header_text_align=&#8220;left&#8220; header_font_size=&#8220;80px&#8220; header_line_height=&#8220;1.25em&#8220; text_orientation=&#8220;justified&#8220; header_font_size_tablet=&#8220;&#8220; header_font_size_phone=&#8220;40px&#8220; header_font_size_last_edited=&#8220;on|phone&#8220; text_orientation_tablet=&#8220;justified&#8220; text_orientation_phone=&#8220;left&#8220; text_orientation_last_edited=&#8220;on|phone&#8220;]<\/p>\n<p class=\"p1\"><span style=\"color: #fc7500; font-size: 20px;\"><strong>SI OPERAS COMO PERSONA F\u00cdSICA <em>(trading)<\/em><\/strong><\/span><\/p>\n<p class=\"p1\"><strong>Un <em>trader<\/em> debe tributar por las ganancias y las p\u00e9rdidas patrimoniales,<\/strong>\u00a0derivadas de operar con criptomonedas. Es decir, por la diferencia entre el valor de adquisici\u00f3n y transmisi\u00f3n de una criptomoneda:<\/p>\n<p class=\"p1\">&#8211; <strong>Valor de adquisici\u00f3n:<\/strong>\u00a0Precio al que compraste. Existen varios puntos de conflicto en este punto, como puede ser el criterio contable sobre el coste de las criptomonedas. Se recomienda utilizar el<strong> modelo FIFO<\/strong> <em>(First In First Out)<\/em>, es decir que, si compras 1BTC a 100\u20ac y otro a 10.000\u20ac y vendes 1BTC a 15000\u20ac deber\u00edas computar unas ganancias de 14900\u20ac (el primero que entra es el primero que sale). Se recomienda este modelo porque es el criterio aplicado a la compraventa de acciones seg\u00fan la Ley del IRPF. Tributar seg\u00fan el precio medio podr\u00eda llegar a ser v\u00e1lido, pero puede dar m\u00e1s problemas.<\/p>\n<p class=\"p1\">&#8211; <strong>Valor de transmisi\u00f3n:<\/strong>\u00a0Precio al que cambio mis criptos.<\/p>\n<p class=\"p1\">Y <strong>\u00bfel cambio entre criptomonedas genera ganancias y p\u00e9rdidas patrimoniales?<\/strong>\u00a0S\u00ed, siendo estrictos (Hacienda). \u00bf<span style=\"font-size: 20px;\">Es justo tener que tributar por estos intercambios? Pues, teniendo en cuenta que las criptomonedas son activos muy volatiles, tal vez no. Y otro tema es qu\u00e9 capacidad tiene (o no) Hacienda para obtener dicha informaci\u00f3n. Pero, de todas formas, no informar a Hacienda y tributar por ello genera un riesgo que no compensa.\u00a0<\/span><\/p>\n<p class=\"p1\">Y <strong>\u00bfc\u00f3mo tributan los beneficios?<\/strong>\u00a0Pues, los beneficios derivados de la venta o permuta de criptos tributan como ganancias o p\u00e9rdidas patrimoniales en la base imponible del ahorro (entre el 19% y el 23% de los beneficios).<\/p>\n<p>[\/et_pb_text][et_pb_text _builder_version=&#8220;4.3.3&#8243; text_font=&#8220;Overpass|300|||||||&#8220; text_text_color=&#8220;#ffffff&#8220; text_font_size=&#8220;20px&#8220; text_line_height=&#8220;1.8em&#8220; header_font=&#8220;Overpass|900|||||||&#8220; header_text_align=&#8220;left&#8220; header_font_size=&#8220;80px&#8220; header_line_height=&#8220;1.25em&#8220; background_color=&#8220;#fc7500&#8243; text_orientation=&#8220;justified&#8220; custom_margin=&#8220;||||false|false&#8220; custom_padding=&#8220;15px|20px|15px|20px|false|false&#8220; header_font_size_tablet=&#8220;&#8220; header_font_size_phone=&#8220;40px&#8220; header_font_size_last_edited=&#8220;on|phone&#8220; text_orientation_tablet=&#8220;justified&#8220; text_orientation_phone=&#8220;left&#8220; text_orientation_last_edited=&#8220;on|phone&#8220;]<\/p>\n<p class=\"p1\"><span style=\"font-size: 20px;\">Resumiendo:<\/span><\/p>\n<p class=\"p1\"><strong>NO<\/strong> tributan las compras.<\/p>\n<p class=\"p1\"><strong>S\u00cd<\/strong> tributan las ganancias o p\u00e9rdidas que registres por su venta o por su intercambio (cuando, por ejemplo, cambias BTC por ETH).<\/p>\n<p>[\/et_pb_text][\/et_pb_column][et_pb_column type=&#8220;1_2&#8243; _builder_version=&#8220;4.3.3&#8243;][et_pb_image src=&#8220;https:\/\/cryptos724.com\/wp-content\/uploads\/2020\/05\/Gui\u0301a-de-fiscalidad-cripto.png&#8220; _builder_version=&#8220;4.3.3&#8243; custom_margin=&#8220;-165px||0px||false|false&#8220; custom_margin_tablet=&#8220;-40px||0px||false|false&#8220; custom_margin_phone=&#8220;-40px||||false|false&#8220; custom_margin_last_edited=&#8220;on|phone&#8220;][\/et_pb_image][et_pb_text _builder_version=&#8220;4.3.3&#8243; text_font=&#8220;Overpass|300|||||||&#8220; text_font_size=&#8220;20px&#8220; text_line_height=&#8220;1.8em&#8220; header_font=&#8220;Overpass|900|||||||&#8220; header_text_align=&#8220;left&#8220; header_font_size=&#8220;80px&#8220; header_line_height=&#8220;1.25em&#8220; text_orientation=&#8220;justified&#8220; header_font_size_tablet=&#8220;&#8220; header_font_size_phone=&#8220;40px&#8220; header_font_size_last_edited=&#8220;on|phone&#8220; text_orientation_tablet=&#8220;justified&#8220; text_orientation_phone=&#8220;left&#8220; text_orientation_last_edited=&#8220;on|phone&#8220;]<\/p>\n<p class=\"p1\"><span style=\"color: #fc7500;\"><strong>SI OPERAS COMO PERSONA F\u00cdSICA <em>(hold)<\/em><\/strong><\/span><\/p>\n<p class=\"p1\">Si posees criptomonedas, y no realizas con ellas ninguna operaci\u00f3n de compraventa, tienes dos opciones:\u00a0<\/p>\n<p class=\"p1\">1. <strong>Tributar por tu patrimonio:<\/strong>\u00a0cuando tu patrimonio total (criptomonedas inclu\u00eddas) supere cierta cantidad, deber\u00e1s pagar un impuesto sobre el patrimonio, que va del 0,2% al 2,5%, salvo en las siguientes comunidades, que tienen una imputaci\u00f3n propia:\u00a0<\/p>\n<ul>\n<li class=\"li1\"><span class=\"s1\"><\/span><b>Andaluc\u00eda, Cantabria y Galicia:<\/b>\u00a0del 0,24% al 3,03%.<\/li>\n<li><b>Asturias:<\/b>\u00a0del 0,22% al 3%.<\/li>\n<li class=\"li1\"><span class=\"s1\"><\/span><b>Baleares:<\/b>\u00a0 0,28% al 3,45%.<\/li>\n<li class=\"li1\"><span class=\"s1\"><\/span><b>Catalu\u00f1a:<\/b>\u00a0del 0,21 al 2,75%.<\/li>\n<li class=\"li1\"><b>Comunidad Valenciana:<\/b>\u00a00,25% al 3,12%.<\/li>\n<li class=\"li1\"><span class=\"s1\"><\/span><b>Extremadura:<\/b>\u00a0del 0,3% al 3,75%.<\/li>\n<li class=\"li1\"><span class=\"s1\"><\/span><b>Regi\u00f3n de Murcia:<\/b>\u00a0del 0,24% al 3%.<\/li>\n<\/ul>\n<p class=\"p1\">2. <strong>Modelo 720<\/strong> (para declarar bienes en el extranjero): algo controvertido, ya que las criptomonedas de tu <em>wallet<\/em> no est\u00e1n dentro ni fuera de Espa\u00f1a y la agencia tributaria no adopta una postura clara al respecto. Si tienes criptos, en un <em>exchange,<\/em>\u00a0por un valor superior a los 50000\u20ac, normalmente, los asesores o gestores fiscales tienden a &#8222;poner las barbas a remojo&#8220;, presentando el modelo 720, igual que har\u00edan si tienes un dep\u00f3sito bancario o una casa en el extranjeto.<\/p>\n<p class=\"p1\"><strong><span style=\"color: #ffd000;\">SI OPERAS COMO PERSONA JUR\u00cdDICA<\/span>\u00a0<\/strong><\/p>\n<p class=\"p1\">La empresa deber\u00e1 declarar las ganancias y las p\u00e9rdidas en forma de beneficios, seg\u00fan el IS. \u00a1Busca un asesor!<\/p>\n<p>[\/et_pb_text][\/et_pb_column][\/et_pb_row][et_pb_row _builder_version=&#8220;4.3.3&#8243;][et_pb_column type=&#8220;4_4&#8243; _builder_version=&#8220;4.3.3&#8243;][et_pb_text _builder_version=&#8220;4.3.3&#8243; text_font=&#8220;Overpass|300|||||||&#8220; text_font_size=&#8220;20px&#8220; text_line_height=&#8220;1.8em&#8220; header_font=&#8220;Overpass|900|||||||&#8220; header_text_align=&#8220;left&#8220; header_font_size=&#8220;80px&#8220; header_line_height=&#8220;1.25em&#8220; text_orientation=&#8220;justified&#8220; header_font_size_tablet=&#8220;&#8220; header_font_size_phone=&#8220;40px&#8220; header_font_size_last_edited=&#8220;on|phone&#8220; text_orientation_tablet=&#8220;justified&#8220; text_orientation_phone=&#8220;left&#8220; text_orientation_last_edited=&#8220;on|phone&#8220;]<\/p>\n<p class=\"p1\"><em style=\"font-size: 20px;\">* \u00a1MUY IMPORTANTE! Esta gu\u00eda es meramente informativa. Si est\u00e1s operando con criptomonedas, habla con un asesor o fiscal antes de tributar.<\/em><\/p>\n<p>[\/et_pb_text][\/et_pb_column][\/et_pb_row][\/et_pb_section][et_pb_section fb_built=&#8220;1&#8243; _builder_version=&#8220;4.3.3&#8243; background_color=&#8220;#eaeaea&#8220; custom_padding=&#8220;120px||60px|||&#8220; top_divider_style=&#8220;slant&#8220; top_divider_color=&#8220;#ffffff&#8220; top_divider_height=&#8220;60px&#8220; top_divider_flip=&#8220;horizontal&#8220;][et_pb_row column_structure=&#8220;1_6,1_6,1_6,1_6,1_6,1_6&#8243; _builder_version=&#8220;4.3.3&#8243; custom_padding=&#8220;30px||0px|||&#8220;][et_pb_column type=&#8220;1_6&#8243; _builder_version=&#8220;4.3.3&#8243;][et_pb_image src=&#8220;https:\/\/cryptos724.com\/wp-content\/uploads\/2020\/05\/Logo-Bitcoin.png&#8220; align=&#8220;center&#8220; _builder_version=&#8220;4.3.3&#8243; width_tablet=&#8220;&#8220; width_phone=&#8220;70%&#8220; width_last_edited=&#8220;on|phone&#8220; custom_margin=&#8220;||-5px||false|false&#8220; custom_margin_tablet=&#8220;&#8220; custom_margin_phone=&#8220;||||false|false&#8220; custom_margin_last_edited=&#8220;on|phone&#8220;][\/et_pb_image][\/et_pb_column][et_pb_column type=&#8220;1_6&#8243; _builder_version=&#8220;4.3.3&#8243;][et_pb_image src=&#8220;https:\/\/cryptos724.com\/wp-content\/uploads\/2020\/05\/Logotipo-Ethereum.png&#8220; align=&#8220;center&#8220; _builder_version=&#8220;4.3.3&#8243; width_tablet=&#8220;&#8220; width_phone=&#8220;70%&#8220; width_last_edited=&#8220;on|phone&#8220; custom_margin=&#8220;||-5px||false|false&#8220; custom_margin_tablet=&#8220;&#8220; custom_margin_phone=&#8220;||||false|false&#8220; custom_margin_last_edited=&#8220;on|phone&#8220;][\/et_pb_image][\/et_pb_column][et_pb_column type=&#8220;1_6&#8243; _builder_version=&#8220;4.3.3&#8243;][et_pb_image src=&#8220;https:\/\/cryptos724.com\/wp-content\/uploads\/2020\/05\/Logo-Ripple.png&#8220; align=&#8220;center&#8220; _builder_version=&#8220;4.3.3&#8243; width_tablet=&#8220;&#8220; width_phone=&#8220;70%&#8220; width_last_edited=&#8220;on|phone&#8220; custom_margin=&#8220;||-5px||false|false&#8220; custom_margin_tablet=&#8220;&#8220; custom_margin_phone=&#8220;||||false|false&#8220; custom_margin_last_edited=&#8220;on|phone&#8220;][\/et_pb_image][\/et_pb_column][et_pb_column type=&#8220;1_6&#8243; _builder_version=&#8220;4.3.3&#8243;][et_pb_image src=&#8220;https:\/\/cryptos724.com\/wp-content\/uploads\/2020\/05\/Logo-IOTA.png&#8220; align=&#8220;center&#8220; _builder_version=&#8220;4.3.3&#8243; width_tablet=&#8220;&#8220; width_phone=&#8220;70%&#8220; width_last_edited=&#8220;on|phone&#8220; custom_margin=&#8220;||-5px||false|false&#8220; custom_margin_tablet=&#8220;&#8220; custom_margin_phone=&#8220;||||false|false&#8220; custom_margin_last_edited=&#8220;on|phone&#8220;][\/et_pb_image][\/et_pb_column][et_pb_column type=&#8220;1_6&#8243; _builder_version=&#8220;4.3.3&#8243;][et_pb_image src=&#8220;https:\/\/cryptos724.com\/wp-content\/uploads\/2020\/05\/Logo-Gram.png&#8220; align=&#8220;center&#8220; _builder_version=&#8220;4.3.3&#8243; width_tablet=&#8220;&#8220; width_phone=&#8220;70%&#8220; width_last_edited=&#8220;on|phone&#8220; custom_margin=&#8220;||-5px||false|false&#8220; custom_margin_tablet=&#8220;&#8220; custom_margin_phone=&#8220;||||false|false&#8220; custom_margin_last_edited=&#8220;on|phone&#8220;][\/et_pb_image][\/et_pb_column][et_pb_column type=&#8220;1_6&#8243; _builder_version=&#8220;4.3.3&#8243;][et_pb_image src=&#8220;https:\/\/cryptos724.com\/wp-content\/uploads\/2020\/05\/Logo-Polkadot.png&#8220; align=&#8220;center&#8220; _builder_version=&#8220;4.3.3&#8243; width_tablet=&#8220;&#8220; width_phone=&#8220;70%&#8220; width_last_edited=&#8220;on|phone&#8220; custom_margin=&#8220;||-5px||false|false&#8220; custom_margin_tablet=&#8220;&#8220; custom_margin_phone=&#8220;||||false|false&#8220; custom_margin_last_edited=&#8220;on|phone&#8220;][\/et_pb_image][\/et_pb_column][\/et_pb_row][et_pb_row column_structure=&#8220;1_6,1_6,1_6,1_6,1_6,1_6&#8243; _builder_version=&#8220;4.3.3&#8243; custom_padding=&#8220;30px||0px|||&#8220;][et_pb_column type=&#8220;1_6&#8243; _builder_version=&#8220;4.3.3&#8243;][et_pb_image src=&#8220;https:\/\/cryptos724.com\/wp-content\/uploads\/2020\/05\/Logo-Kusama.png&#8220; align=&#8220;center&#8220; _builder_version=&#8220;4.3.3&#8243; width_tablet=&#8220;&#8220; width_phone=&#8220;70%&#8220; width_last_edited=&#8220;on|phone&#8220; custom_margin=&#8220;||-5px||false|false&#8220; custom_margin_tablet=&#8220;&#8220; custom_margin_phone=&#8220;||||false|false&#8220; custom_margin_last_edited=&#8220;on|phone&#8220;][\/et_pb_image][\/et_pb_column][et_pb_column type=&#8220;1_6&#8243; _builder_version=&#8220;4.3.3&#8243;][et_pb_image src=&#8220;https:\/\/cryptos724.com\/wp-content\/uploads\/2020\/05\/Logo-Filecoin.png&#8220; align=&#8220;center&#8220; _builder_version=&#8220;4.3.3&#8243; width_tablet=&#8220;&#8220; width_phone=&#8220;70%&#8220; width_last_edited=&#8220;on|phone&#8220; custom_margin=&#8220;||-5px||false|false&#8220; custom_margin_tablet=&#8220;&#8220; custom_margin_phone=&#8220;||||false|false&#8220; custom_margin_last_edited=&#8220;on|phone&#8220;][\/et_pb_image][\/et_pb_column][et_pb_column type=&#8220;1_6&#8243; _builder_version=&#8220;4.3.3&#8243;][\/et_pb_column][et_pb_column type=&#8220;1_6&#8243; _builder_version=&#8220;4.3.3&#8243;][\/et_pb_column][et_pb_column type=&#8220;1_6&#8243; _builder_version=&#8220;4.3.3&#8243;][\/et_pb_column][et_pb_column type=&#8220;1_6&#8243; _builder_version=&#8220;4.3.3&#8243;][\/et_pb_column][\/et_pb_row][\/et_pb_section]<\/p>\n","protected":false},"excerpt":{"rendered":"<p>[et_pb_section fb_built=&#8220;1&#8243; admin_label=&#8220;Header&#8220; _builder_version=&#8220;4.3.3&#8243; background_color=&#8220;#ffd000&#8243; background_color_gradient_direction=&#8220;60deg&#8220; background_enable_image=&#8220;off&#8220; background_size=&#8220;initial&#8220; custom_padding=&#8220;60px|0px|60px|0px|false|false&#8220; custom_width_px__hover=&#8220;1080px&#8220; custom_width_px__hover_enabled=&#8220;1080px&#8220; custom_width_percent__hover=&#8220;80%&#8220; custom_width_percent__hover_enabled=&#8220;80%&#8220; locked=&#8220;off&#8220; parallax_1__hover=&#8220;off&#8220; parallax_1__hover_enabled=&#8220;off&#8220; parallax_2__hover=&#8220;off&#8220; parallax_2__hover_enabled=&#8220;off&#8220; parallax_3__hover=&#8220;off&#8220; parallax_3__hover_enabled=&#8220;off&#8220; parallax_method_1__hover=&#8220;on&#8220; parallax_method_1__hover_enabled=&#8220;on&#8220; parallax_method_2__hover=&#8220;on&#8220; parallax_method_2__hover_enabled=&#8220;on&#8220; parallax_method_3__hover=&#8220;on&#8220; parallax_method_3__hover_enabled=&#8220;on&#8220; use_background_color_gradient__hover=&#8220;off&#8220; use_background_color_gradient__hover_enabled=&#8220;off&#8220; background_color_gradient_start__hover=&#8220;#2b87da&#8220; background_color_gradient_start__hover_enabled=&#8220;#2b87da&#8220; background_color_gradient_end__hover=&#8220;#29c4a9&#8243; background_color_gradient_end__hover_enabled=&#8220;#29c4a9&#8243; background_color_gradient_type__hover=&#8220;linear&#8220; background_color_gradient_type__hover_enabled=&#8220;linear&#8220; background_color_gradient_direction__hover=&#8220;180deg&#8220; background_color_gradient_direction__hover_enabled=&#8220;180deg&#8220; background_color_gradient_direction_radial__hover=&#8220;center&#8220; background_color_gradient_direction_radial__hover_enabled=&#8220;center&#8220; background_color_gradient_start_position__hover=&#8220;0%&#8220; background_color_gradient_start_position__hover_enabled=&#8220;0%&#8220; background_color_gradient_end_position__hover=&#8220;100%&#8220; background_color_gradient_end_position__hover_enabled=&#8220;100%&#8220; background_color_gradient_overlays_image__hover=&#8220;off&#8220; background_color_gradient_overlays_image__hover_enabled=&#8220;off&#8220; parallax__hover=&#8220;off&#8220; parallax__hover_enabled=&#8220;off&#8220; parallax_method__hover=&#8220;on&#8220; parallax_method__hover_enabled=&#8220;on&#8220; background_size__hover=&#8220;cover&#8220; background_size__hover_enabled=&#8220;cover&#8220; background_position__hover=&#8220;center&#8220; background_position__hover_enabled=&#8220;center&#8220; background_repeat__hover=&#8220;no-repeat&#8220; background_repeat__hover_enabled=&#8220;no-repeat&#8220; background_blend__hover=&#8220;normal&#8220; [&hellip;]<\/p>\n","protected":false},"author":1,"featured_media":0,"parent":0,"menu_order":0,"comment_status":"closed","ping_status":"closed","template":"","meta":{"_et_pb_use_builder":"on","_et_pb_old_content":"","_et_gb_content_width":"","footnotes":""},"class_list":["post-2815","page","type-page","status-publish","hentry"],"_links":{"self":[{"href":"https:\/\/cryptos724.com\/de\/wp-json\/wp\/v2\/pages\/2815","targetHints":{"allow":["GET"]}}],"collection":[{"href":"https:\/\/cryptos724.com\/de\/wp-json\/wp\/v2\/pages"}],"about":[{"href":"https:\/\/cryptos724.com\/de\/wp-json\/wp\/v2\/types\/page"}],"author":[{"embeddable":true,"href":"https:\/\/cryptos724.com\/de\/wp-json\/wp\/v2\/users\/1"}],"replies":[{"embeddable":true,"href":"https:\/\/cryptos724.com\/de\/wp-json\/wp\/v2\/comments?post=2815"}],"version-history":[{"count":1,"href":"https:\/\/cryptos724.com\/de\/wp-json\/wp\/v2\/pages\/2815\/revisions"}],"predecessor-version":[{"id":2816,"href":"https:\/\/cryptos724.com\/de\/wp-json\/wp\/v2\/pages\/2815\/revisions\/2816"}],"wp:attachment":[{"href":"https:\/\/cryptos724.com\/de\/wp-json\/wp\/v2\/media?parent=2815"}],"curies":[{"name":"wp","href":"https:\/\/api.w.org\/{rel}","templated":true}]}}