{"id":2697,"date":"2020-05-19T11:00:54","date_gmt":"2020-05-19T11:00:54","guid":{"rendered":"https:\/\/cryptos724.com\/cos-e-kusama\/"},"modified":"2020-07-21T11:34:38","modified_gmt":"2020-07-21T11:34:38","slug":"cos-e-kusama","status":"publish","type":"page","link":"https:\/\/cryptos724.com\/it\/cos-e-kusama\/","title":{"rendered":"Cos&#8217;\u00e8 Kusama"},"content":{"rendered":"<p>[et_pb_section fb_built=&#8221;1&#8243; admin_label=&#8221;Header&#8221; _builder_version=&#8221;4.3.3&#8243; background_color=&#8221;#ffd000&#8243; background_color_gradient_direction=&#8221;60deg&#8221; background_enable_image=&#8221;off&#8221; background_size=&#8221;initial&#8221; custom_padding=&#8221;60px|0px|60px|0px|false|false&#8221; custom_width_px__hover=&#8221;1080px&#8221; custom_width_px__hover_enabled=&#8221;1080px&#8221; custom_width_percent__hover=&#8221;80%&#8221; custom_width_percent__hover_enabled=&#8221;80%&#8221; locked=&#8221;off&#8221; parallax_1__hover=&#8221;off&#8221; parallax_1__hover_enabled=&#8221;off&#8221; parallax_2__hover=&#8221;off&#8221; parallax_2__hover_enabled=&#8221;off&#8221; parallax_3__hover=&#8221;off&#8221; parallax_3__hover_enabled=&#8221;off&#8221; parallax_method_1__hover=&#8221;on&#8221; parallax_method_1__hover_enabled=&#8221;on&#8221; parallax_method_2__hover=&#8221;on&#8221; parallax_method_2__hover_enabled=&#8221;on&#8221; parallax_method_3__hover=&#8221;on&#8221; parallax_method_3__hover_enabled=&#8221;on&#8221; use_background_color_gradient__hover=&#8221;off&#8221; use_background_color_gradient__hover_enabled=&#8221;off&#8221; background_color_gradient_start__hover=&#8221;#2b87da&#8221; background_color_gradient_start__hover_enabled=&#8221;#2b87da&#8221; background_color_gradient_end__hover=&#8221;#29c4a9&#8243; background_color_gradient_end__hover_enabled=&#8221;#29c4a9&#8243; background_color_gradient_type__hover=&#8221;linear&#8221; background_color_gradient_type__hover_enabled=&#8221;linear&#8221; background_color_gradient_direction__hover=&#8221;180deg&#8221; background_color_gradient_direction__hover_enabled=&#8221;180deg&#8221; background_color_gradient_direction_radial__hover=&#8221;center&#8221; background_color_gradient_direction_radial__hover_enabled=&#8221;center&#8221; background_color_gradient_start_position__hover=&#8221;0%&#8221; background_color_gradient_start_position__hover_enabled=&#8221;0%&#8221; background_color_gradient_end_position__hover=&#8221;100%&#8221; background_color_gradient_end_position__hover_enabled=&#8221;100%&#8221; background_color_gradient_overlays_image__hover=&#8221;off&#8221; background_color_gradient_overlays_image__hover_enabled=&#8221;off&#8221; parallax__hover=&#8221;off&#8221; parallax__hover_enabled=&#8221;off&#8221; parallax_method__hover=&#8221;on&#8221; parallax_method__hover_enabled=&#8221;on&#8221; background_size__hover=&#8221;cover&#8221; background_size__hover_enabled=&#8221;cover&#8221; background_position__hover=&#8221;center&#8221; background_position__hover_enabled=&#8221;center&#8221; background_repeat__hover=&#8221;no-repeat&#8221; background_repeat__hover_enabled=&#8221;no-repeat&#8221; background_blend__hover=&#8221;normal&#8221; background_blend__hover_enabled=&#8221;normal&#8221; allow_player_pause__hover=&#8221;off&#8221; allow_player_pause__hover_enabled=&#8221;off&#8221; background_video_pause_outside_viewport__hover=&#8221;on&#8221; background_video_pause_outside_viewport__hover_enabled=&#8221;on&#8221; inner_shadow__hover=&#8221;off&#8221; inner_shadow__hover_enabled=&#8221;off&#8221; make_fullwidth__hover=&#8221;off&#8221; make_fullwidth__hover_enabled=&#8221;off&#8221; use_custom_width__hover=&#8221;off&#8221; use_custom_width__hover_enabled=&#8221;off&#8221; width_unit__hover=&#8221;on&#8221; width_unit__hover_enabled=&#8221;on&#8221; make_equal__hover=&#8221;off&#8221; make_equal__hover_enabled=&#8221;off&#8221; use_custom_gutter__hover=&#8221;off&#8221; use_custom_gutter__hover_enabled=&#8221;off&#8221; gutter_width__hover=&#8221;3&#8243; gutter_width__hover_enabled=&#8221;3&#8243; border_radii__hover=&#8221;on||||&#8221; border_radii__hover_enabled=&#8221;on||||&#8221; box_shadow_style__hover=&#8221;none&#8221; box_shadow_style__hover_enabled=&#8221;none&#8221; box_shadow_color__hover=&#8221;rgba(0,0,0,0.3)&#8221; box_shadow_color__hover_enabled=&#8221;rgba(0,0,0,0.3)&#8221; max_width__hover=&#8221;100%&#8221; max_width__hover_enabled=&#8221;100%&#8221; filter_hue_rotate__hover=&#8221;0deg&#8221; filter_hue_rotate__hover_enabled=&#8221;0deg&#8221; filter_saturate__hover=&#8221;100%&#8221; filter_saturate__hover_enabled=&#8221;100%&#8221; filter_brightness__hover=&#8221;100%&#8221; filter_brightness__hover_enabled=&#8221;100%&#8221; filter_contrast__hover=&#8221;100%&#8221; filter_contrast__hover_enabled=&#8221;100%&#8221; filter_invert__hover=&#8221;0%&#8221; filter_invert__hover_enabled=&#8221;0%&#8221; filter_sepia__hover=&#8221;0%&#8221; filter_sepia__hover_enabled=&#8221;0%&#8221; filter_opacity__hover=&#8221;100%&#8221; filter_opacity__hover_enabled=&#8221;100%&#8221; filter_blur__hover=&#8221;0px&#8221; filter_blur__hover_enabled=&#8221;0px&#8221; mix_blend_mode__hover=&#8221;normal&#8221; mix_blend_mode__hover_enabled=&#8221;normal&#8221; animation_style__hover=&#8221;none&#8221; animation_style__hover_enabled=&#8221;none&#8221; animation_repeat__hover=&#8221;once&#8221; animation_repeat__hover_enabled=&#8221;once&#8221; animation_direction__hover=&#8221;center&#8221; animation_direction__hover_enabled=&#8221;center&#8221; animation_duration__hover=&#8221;1000ms&#8221; animation_duration__hover_enabled=&#8221;1000ms&#8221; animation_delay__hover=&#8221;0ms&#8221; animation_delay__hover_enabled=&#8221;0ms&#8221; animation_intensity_slide__hover=&#8221;50%&#8221; animation_intensity_slide__hover_enabled=&#8221;50%&#8221; animation_intensity_zoom__hover=&#8221;50%&#8221; animation_intensity_zoom__hover_enabled=&#8221;50%&#8221; animation_intensity_flip__hover=&#8221;50%&#8221; animation_intensity_flip__hover_enabled=&#8221;50%&#8221; animation_intensity_fold__hover=&#8221;50%&#8221; animation_intensity_fold__hover_enabled=&#8221;50%&#8221; animation_intensity_roll__hover=&#8221;50%&#8221; animation_intensity_roll__hover_enabled=&#8221;50%&#8221; animation_starting_opacity__hover=&#8221;0%&#8221; animation_starting_opacity__hover_enabled=&#8221;0%&#8221; animation_speed_curve__hover=&#8221;ease-in-out&#8221; animation_speed_curve__hover_enabled=&#8221;ease-in-out&#8221; hover_transition_duration__hover=&#8221;300ms&#8221; hover_transition_duration__hover_enabled=&#8221;300ms&#8221; hover_transition_delay__hover=&#8221;0ms&#8221; hover_transition_delay__hover_enabled=&#8221;0ms&#8221; hover_transition_speed_curve__hover=&#8221;ease&#8221; hover_transition_speed_curve__hover_enabled=&#8221;ease&#8221;][et_pb_row _builder_version=&#8221;4.4.8&#8243; custom_margin=&#8221;0px||||false|false&#8221; custom_margin_tablet=&#8221;&#8221; custom_margin_phone=&#8221;0px||||false|false&#8221; custom_margin_last_edited=&#8221;on|phone&#8221; custom_padding=&#8221;0px||0px||false|false&#8221;][et_pb_column type=&#8221;4_4&#8243; _builder_version=&#8221;4.3.3&#8243;][et_pb_image src=&#8221;https:\/\/cryptos724.com\/wp-content\/uploads\/2020\/05\/Logo-Kusama.png&#8221; title_text=&#8221;Logo Kusama&#8221; align=&#8221;center&#8221; _builder_version=&#8221;4.4.8&#8243; width=&#8221;30%&#8221; width_tablet=&#8221;50%&#8221; width_phone=&#8221;70%&#8221; width_last_edited=&#8221;on|desktop&#8221; custom_margin=&#8221;-30px||-30px||false|false&#8221; custom_margin_tablet=&#8221;-90px||-15px||false|false&#8221; custom_margin_phone=&#8221;-100px||-15px||false|false&#8221; custom_margin_last_edited=&#8221;on|desktop&#8221;][\/et_pb_image][et_pb_text _builder_version=&#8221;4.4.8&#8243; text_font=&#8221;Overpass|300|||||||&#8221; text_font_size=&#8221;20px&#8221; text_line_height=&#8221;1.8em&#8221; header_font=&#8221;Overpass|900|||||||&#8221; header_text_align=&#8221;left&#8221; header_font_size=&#8221;65px&#8221; header_letter_spacing=&#8221;-1.5px&#8221; header_line_height=&#8221;1.25em&#8221; text_orientation=&#8221;justified&#8221; custom_margin=&#8221;0px||||false|false&#8221; header_font_size_tablet=&#8221;&#8221; header_font_size_phone=&#8221;50px&#8221; header_font_size_last_edited=&#8221;on|phone&#8221; text_orientation_tablet=&#8221;justified&#8221; text_orientation_phone=&#8221;left&#8221; text_orientation_last_edited=&#8221;on|phone&#8221;]<\/p>\n<h1 style=\"text-align: center\">COS&#8217;\u00c8 KUSAMA<\/h1>\n<p>[\/et_pb_text][\/et_pb_column][\/et_pb_row][\/et_pb_section][et_pb_section fb_built=&#8221;1&#8243; _builder_version=&#8221;4.4.8&#8243; background_color=&#8221;#ffffff&#8221; custom_margin=&#8221;0px||||false|false&#8221; custom_padding=&#8221;60px||30px|||&#8221; top_divider_color=&#8221;#172027&#8243; top_divider_height=&#8221;60px&#8221; top_divider_flip=&#8221;horizontal&#8221;][et_pb_row _builder_version=&#8221;4.3.3&#8243; custom_padding=&#8221;0px||30px|||&#8221;][et_pb_column type=&#8221;4_4&#8243; _builder_version=&#8221;4.3.3&#8243;][et_pb_text _builder_version=&#8221;4.3.3&#8243; text_font=&#8221;Overpass|300|||||||&#8221; text_font_size=&#8221;20px&#8221; text_line_height=&#8221;1.8em&#8221; header_font=&#8221;Overpass|900|||||||&#8221; header_text_align=&#8221;left&#8221; header_font_size=&#8221;80px&#8221; header_line_height=&#8221;1.25em&#8221; header_2_font=&#8221;Overpass|900|||||||&#8221; header_2_text_align=&#8221;center&#8221; header_2_text_color=&#8221;#fc7500&#8243; header_2_font_size=&#8221;45px&#8221; header_2_letter_spacing=&#8221;-1.5px&#8221; header_2_line_height=&#8221;1.5em&#8221; text_orientation=&#8221;justified&#8221; custom_margin=&#8221;||0px||false|false&#8221; custom_padding=&#8221;0px||0px|||&#8221; header_font_size_tablet=&#8221;&#8221; header_font_size_phone=&#8221;40px&#8221; header_font_size_last_edited=&#8221;on|phone&#8221; text_orientation_tablet=&#8221;justified&#8221; text_orientation_phone=&#8221;left&#8221; text_orientation_last_edited=&#8221;on|phone&#8221;]<\/p>\n<p style=\"text-align: justify\"><strong>Kusama \u00e8 il <em>testnet<\/em> o piattaforma di test di Polkadot<\/strong>. Quindi, per capire cos&#8217;\u00e8 Kusama, bisogna prima scoprire <a href=\"https:\/\/cryptos724.com\/it\/come-acquistare-polkadot\/\">cos&#8217;\u00e8 Polkadot<\/a>. Polkadot ha presentato questa prima <strong>versione sperimentale del suo protocollo<\/strong> il 16 luglio 2019. Kusama \u00e8, quindi, una &#8220;rete canaria&#8221; o sperimentale che <strong>permetter\u00e0 agli sviluppatori di ricercare e sviluppare in un ambiente reale<\/strong>; fare <em>staking<\/em>, imparare a costruire e utilizzare <em>parachains<\/em>, tra le tante altre funzioni che saranno offerte, in seguito, dalla rete Polkadot. Cos\u00ec, questa rete di test permetter\u00e0 di rilevare potenziali rischi e problemi, garantendo il corretto funzionamento di Polkadot.<\/p>\n<p style=\"text-align: justify\">Calvin Wood, co-fondatore della Fondazione Web3 e di Polkadot, parla di Kusama come di un primo passo verso l&#8217;ignoto, che ci permetter\u00e0 di scoprire &#8220;che caos ci aspetta&#8221;. Aggiunge che si tratta di una piattaforma per testare <strong>progetti ad alto rischio<\/strong>.<\/p>\n<p>[\/et_pb_text][\/et_pb_column][\/et_pb_row][et_pb_row _builder_version=&#8221;4.3.3&#8243; custom_padding=&#8221;0px||30px|||&#8221;][et_pb_column type=&#8221;4_4&#8243; _builder_version=&#8221;4.3.3&#8243;][et_pb_text _builder_version=&#8221;4.4.8&#8243; text_font=&#8221;Overpass|300|||||||&#8221; text_font_size=&#8221;20px&#8221; text_line_height=&#8221;1.8em&#8221; header_font=&#8221;Overpass|900|||||||&#8221; header_text_align=&#8221;left&#8221; header_font_size=&#8221;80px&#8221; header_line_height=&#8221;1.25em&#8221; header_2_font=&#8221;Overpass|900|||||||&#8221; header_2_text_align=&#8221;center&#8221; header_2_text_color=&#8221;#fc7500&#8243; header_2_font_size=&#8221;45px&#8221; header_2_letter_spacing=&#8221;-1.5px&#8221; header_2_line_height=&#8221;1.5em&#8221; text_orientation=&#8221;justified&#8221; custom_margin=&#8221;||0px||false|false&#8221; custom_padding=&#8221;0px||0px|||&#8221; header_font_size_tablet=&#8221;&#8221; header_font_size_phone=&#8221;40px&#8221; header_font_size_last_edited=&#8221;on|phone&#8221; text_orientation_tablet=&#8221;justified&#8221; text_orientation_phone=&#8221;left&#8221; text_orientation_last_edited=&#8221;on|phone&#8221;]<\/p>\n<h2 style=\"text-align: center\"><span style=\"color: #fc7500\">Il valore di Kusama<\/span><\/h2>\n<p style=\"text-align: justify\"><strong>Kusama possiede il suo proprio <em>token<\/em> nativo: il KSM<\/strong>. I possessori di questi <em>token<\/em> diventeranno proprietari della rete, potendo usufruire delle diverse funzionalit\u00e0 che la piattaforma offre. La distribuzione KSM \u00e8 collegata alla distribuzione DOT. Cio\u00e8, <strong>chi ha acquistato i DOT possiede una quota proporzionale dei KSM<\/strong>. Ma, se non avete comprato i DOT e volete ottenere i KSM, dovrete seguire <a href=\"https:\/\/github.com\/kusamanetwork\/faucet\" rel=\"nofollow noopener\" target=\"_blank\">un processo<\/a>.<\/p>\n<p>[\/et_pb_text][\/et_pb_column][\/et_pb_row][et_pb_row _builder_version=&#8221;4.4.8&#8243; background_color=&#8221;#ffffff&#8221; custom_margin=&#8221;||||false|false&#8221; custom_padding=&#8221;30px|30px|30px|30px|false|false&#8221; border_radii=&#8221;on|30px|30px|30px|30px&#8221; box_shadow_style=&#8221;preset1&#8243; box_shadow_blur=&#8221;10px&#8221;][et_pb_column type=&#8221;4_4&#8243; _builder_version=&#8221;4.3.3&#8243;][et_pb_text _builder_version=&#8221;4.4.8&#8243;]<\/p>\n<div class=\"moondb-widget\" data-coinid=\"kusama\" data-currency=\"usd\" data-type=\"big\" data-exchange=\"kucoin\"><\/div>\n<p>[\/et_pb_text][et_pb_button button_url=&#8221;https:\/\/cryptos724.com\/it\/come-acquistare-kusama\/&#8221; button_text=&#8221;Comprare Kusama&#8221; button_alignment=&#8221;center&#8221; _builder_version=&#8221;4.4.8&#8243; custom_button=&#8221;on&#8221; button_text_size=&#8221;18px&#8221; button_text_color=&#8221;#ffffff&#8221; button_bg_color=&#8221;#fc7500&#8243; button_border_width=&#8221;0px&#8221; button_border_radius=&#8221;30px&#8221; button_letter_spacing=&#8221;2px&#8221; button_font=&#8221;Overpass|900||on|||||&#8221; button_icon=&#8221;%%281%%&#8221; custom_margin=&#8221;0px||0px||false|false&#8221; custom_padding=&#8221;18px||15px||false|false&#8221; box_shadow_style=&#8221;preset1&#8243;][\/et_pb_button][\/et_pb_column][\/et_pb_row][et_pb_row _builder_version=&#8221;4.3.3&#8243; custom_padding=&#8221;0px||30px|||&#8221;][et_pb_column type=&#8221;4_4&#8243; _builder_version=&#8221;4.3.3&#8243;][et_pb_text _builder_version=&#8221;4.3.3&#8243; text_font=&#8221;Overpass|300|||||||&#8221; text_font_size=&#8221;20px&#8221; text_line_height=&#8221;1.8em&#8221; header_font=&#8221;Overpass|900|||||||&#8221; header_text_align=&#8221;left&#8221; header_font_size=&#8221;80px&#8221; header_line_height=&#8221;1.25em&#8221; header_2_font=&#8221;Overpass|900|||||||&#8221; header_2_text_align=&#8221;center&#8221; header_2_font_size=&#8221;45px&#8221; header_2_letter_spacing=&#8221;-1.5px&#8221; header_2_line_height=&#8221;1.5em&#8221; text_orientation=&#8221;justified&#8221; custom_margin=&#8221;||10px||false|false&#8221; custom_padding=&#8221;60px||0px||false|false&#8221; header_font_size_tablet=&#8221;&#8221; header_font_size_phone=&#8221;40px&#8221; header_font_size_last_edited=&#8221;on|phone&#8221; text_orientation_tablet=&#8221;justified&#8221; text_orientation_phone=&#8221;left&#8221; text_orientation_last_edited=&#8221;on|phone&#8221;]<\/p>\n<h2>MAGGIORI INFORMAZIONI SU KUSAMA<\/h2>\n<p>[\/et_pb_text][et_pb_toggle title=&#8221;Che cos&#8217;\u00e8 lo staking?&#8221; open_toggle_background_color=&#8221;#ffffff&#8221; closed_toggle_background_color=&#8221;#ffffff&#8221; _builder_version=&#8221;4.3.3&#8243; title_font=&#8221;Overpass|700|||||||&#8221; title_font_size=&#8221;18px&#8221; title_line_height=&#8221;1.5em&#8221; closed_title_font=&#8221;Overpass|700|||||||&#8221; closed_title_font_size=&#8221;18px&#8221; closed_title_line_height=&#8221;1.5em&#8221; body_font=&#8221;Overpass|300|||||||&#8221; body_font_size=&#8221;18px&#8221; body_line_height=&#8221;1.8em&#8221; custom_margin=&#8221;||||false|false&#8221; custom_padding=&#8221;||||false|false&#8221; border_radii=&#8221;on|30px|30px|30px|30px&#8221; border_width_all=&#8221;0px&#8221; box_shadow_style=&#8221;preset1&#8243; box_shadow_blur=&#8221;10px&#8221;]<\/p>\n<p style=\"text-align: justify\">Il <em>stacking<\/em> \u00e8 il <strong>processo attraverso il quale si pu\u00f2 ottenere un profitto, cos\u00ec come il diritto di voto su un progetto di criptografia, acquisendo criptovalute e bloccandole in un <em>wallet<\/em> <\/strong>(risparmiando, per cos\u00ec dire). Si differenzia dal sistema HODL per il fatto che blocca il vostro saldo, rendendovi impossibile utilizzarlo liberamente.<\/p>\n<p>[\/et_pb_toggle][et_pb_toggle title=&#8221;Che cos&#8217;\u00e8 una parachain?&#8221; open_toggle_background_color=&#8221;#ffffff&#8221; closed_toggle_background_color=&#8221;#ffffff&#8221; _builder_version=&#8221;4.3.3&#8243; title_font=&#8221;Overpass|700|||||||&#8221; title_font_size=&#8221;18px&#8221; title_line_height=&#8221;1.5em&#8221; closed_title_font=&#8221;Overpass|700|||||||&#8221; closed_title_font_size=&#8221;18px&#8221; closed_title_line_height=&#8221;1.5em&#8221; body_font=&#8221;Overpass|300|||||||&#8221; body_font_size=&#8221;18px&#8221; body_line_height=&#8221;1.8em&#8221; custom_margin=&#8221;||||false|false&#8221; custom_padding=&#8221;||||false|false&#8221; border_radii=&#8221;on|30px|30px|30px|30px&#8221; border_width_all=&#8221;0px&#8221; box_shadow_style=&#8221;preset1&#8243; box_shadow_blur=&#8221;10px&#8221;]<\/p>\n<p style=\"text-align: justify\">Un <em>parachain<\/em> \u00e8 una blockchain semplice che corre parallela a una blockchain principale. Maggiori informazioni in <a href=\"https:\/\/cryptos724.com\/it\/cos-e-polkadot\/\">Che cos&#8217;\u00e8 Polkadot<\/a>.<\/p>\n<p>[\/et_pb_toggle][\/et_pb_column][\/et_pb_row][\/et_pb_section][et_pb_section fb_built=&#8221;1&#8243; _builder_version=&#8221;4.3.3&#8243; background_color=&#8221;#eaeaea&#8221; custom_padding=&#8221;30px||60px|||&#8221;][et_pb_row column_structure=&#8221;1_6,1_6,1_6,1_6,1_6,1_6&#8243; _builder_version=&#8221;4.3.3&#8243; custom_padding=&#8221;30px||0px|||&#8221;][et_pb_column type=&#8221;1_6&#8243; _builder_version=&#8221;4.3.3&#8243;][et_pb_image src=&#8221;https:\/\/cryptos724.com\/wp-content\/uploads\/2020\/05\/Logo-Bitcoin.png&#8221; align=&#8221;center&#8221; _builder_version=&#8221;4.3.3&#8243; width_tablet=&#8221;&#8221; width_phone=&#8221;70%&#8221; width_last_edited=&#8221;on|phone&#8221; custom_margin=&#8221;||-5px||false|false&#8221; custom_margin_tablet=&#8221;&#8221; custom_margin_phone=&#8221;||||false|false&#8221; custom_margin_last_edited=&#8221;on|phone&#8221;][\/et_pb_image][\/et_pb_column][et_pb_column type=&#8221;1_6&#8243; _builder_version=&#8221;4.3.3&#8243;][et_pb_image src=&#8221;https:\/\/cryptos724.com\/wp-content\/uploads\/2020\/05\/Logotipo-Ethereum.png&#8221; align=&#8221;center&#8221; _builder_version=&#8221;4.3.3&#8243; width_tablet=&#8221;&#8221; width_phone=&#8221;70%&#8221; width_last_edited=&#8221;on|phone&#8221; custom_margin=&#8221;||-5px||false|false&#8221; custom_margin_tablet=&#8221;&#8221; custom_margin_phone=&#8221;||||false|false&#8221; custom_margin_last_edited=&#8221;on|phone&#8221;][\/et_pb_image][\/et_pb_column][et_pb_column type=&#8221;1_6&#8243; _builder_version=&#8221;4.3.3&#8243;][et_pb_image src=&#8221;https:\/\/cryptos724.com\/wp-content\/uploads\/2020\/05\/Logo-Ripple.png&#8221; align=&#8221;center&#8221; _builder_version=&#8221;4.3.3&#8243; width_tablet=&#8221;&#8221; width_phone=&#8221;70%&#8221; width_last_edited=&#8221;on|phone&#8221; custom_margin=&#8221;||-5px||false|false&#8221; custom_margin_tablet=&#8221;&#8221; custom_margin_phone=&#8221;||||false|false&#8221; custom_margin_last_edited=&#8221;on|phone&#8221;][\/et_pb_image][\/et_pb_column][et_pb_column type=&#8221;1_6&#8243; _builder_version=&#8221;4.3.3&#8243;][et_pb_image src=&#8221;https:\/\/cryptos724.com\/wp-content\/uploads\/2020\/05\/Logo-IOTA.png&#8221; align=&#8221;center&#8221; _builder_version=&#8221;4.3.3&#8243; width_tablet=&#8221;&#8221; width_phone=&#8221;70%&#8221; width_last_edited=&#8221;on|phone&#8221; custom_margin=&#8221;||-5px||false|false&#8221; custom_margin_tablet=&#8221;&#8221; custom_margin_phone=&#8221;||||false|false&#8221; custom_margin_last_edited=&#8221;on|phone&#8221;][\/et_pb_image][\/et_pb_column][et_pb_column type=&#8221;1_6&#8243; _builder_version=&#8221;4.3.3&#8243;][et_pb_image src=&#8221;https:\/\/cryptos724.com\/wp-content\/uploads\/2020\/05\/Logo-Gram.png&#8221; align=&#8221;center&#8221; _builder_version=&#8221;4.3.3&#8243; width_tablet=&#8221;&#8221; width_phone=&#8221;70%&#8221; width_last_edited=&#8221;on|phone&#8221; custom_margin=&#8221;||-5px||false|false&#8221; custom_margin_tablet=&#8221;&#8221; custom_margin_phone=&#8221;||||false|false&#8221; custom_margin_last_edited=&#8221;on|phone&#8221;][\/et_pb_image][\/et_pb_column][et_pb_column type=&#8221;1_6&#8243; _builder_version=&#8221;4.3.3&#8243;][et_pb_image src=&#8221;https:\/\/cryptos724.com\/wp-content\/uploads\/2020\/05\/Logo-Polkadot.png&#8221; url=&#8221;https:\/\/cryptos724.com\/it\/come-acquistare-polkadot\/&#8221; align=&#8221;center&#8221; _builder_version=&#8221;4.3.3&#8243; width_tablet=&#8221;&#8221; width_phone=&#8221;70%&#8221; width_last_edited=&#8221;on|phone&#8221; custom_margin=&#8221;||-5px||false|false&#8221; custom_margin_tablet=&#8221;&#8221; custom_margin_phone=&#8221;||||false|false&#8221; custom_margin_last_edited=&#8221;on|phone&#8221;][\/et_pb_image][\/et_pb_column][\/et_pb_row][et_pb_row column_structure=&#8221;1_6,1_6,1_6,1_6,1_6,1_6&#8243; _builder_version=&#8221;4.3.3&#8243; custom_padding=&#8221;30px||0px|||&#8221;][et_pb_column type=&#8221;1_6&#8243; _builder_version=&#8221;4.3.3&#8243;][et_pb_image src=&#8221;https:\/\/cryptos724.com\/wp-content\/uploads\/2020\/05\/Logo-Kusama.png&#8221; align=&#8221;center&#8221; _builder_version=&#8221;4.3.3&#8243; width_tablet=&#8221;&#8221; width_phone=&#8221;70%&#8221; width_last_edited=&#8221;on|phone&#8221; custom_margin=&#8221;||-5px||false|false&#8221; custom_margin_tablet=&#8221;&#8221; custom_margin_phone=&#8221;||||false|false&#8221; custom_margin_last_edited=&#8221;on|phone&#8221;][\/et_pb_image][\/et_pb_column][et_pb_column type=&#8221;1_6&#8243; _builder_version=&#8221;4.3.3&#8243;][et_pb_image src=&#8221;https:\/\/cryptos724.com\/wp-content\/uploads\/2020\/05\/Logo-Filecoin.png&#8221; align=&#8221;center&#8221; _builder_version=&#8221;4.3.3&#8243; width_tablet=&#8221;&#8221; width_phone=&#8221;70%&#8221; width_last_edited=&#8221;on|phone&#8221; custom_margin=&#8221;||-5px||false|false&#8221; custom_margin_tablet=&#8221;&#8221; custom_margin_phone=&#8221;||||false|false&#8221; custom_margin_last_edited=&#8221;on|phone&#8221;][\/et_pb_image][\/et_pb_column][et_pb_column type=&#8221;1_6&#8243; _builder_version=&#8221;4.3.3&#8243;][\/et_pb_column][et_pb_column type=&#8221;1_6&#8243; _builder_version=&#8221;4.3.3&#8243;][\/et_pb_column][et_pb_column type=&#8221;1_6&#8243; _builder_version=&#8221;4.3.3&#8243;][\/et_pb_column][et_pb_column type=&#8221;1_6&#8243; _builder_version=&#8221;4.3.3&#8243;][\/et_pb_column][\/et_pb_row][\/et_pb_section]<\/p>\n","protected":false},"excerpt":{"rendered":"<p>[et_pb_section fb_built=&#8221;1&#8243; admin_label=&#8221;Header&#8221; _builder_version=&#8221;4.3.3&#8243; background_color=&#8221;#ffd000&#8243; background_color_gradient_direction=&#8221;60deg&#8221; background_enable_image=&#8221;off&#8221; background_size=&#8221;initial&#8221; custom_padding=&#8221;60px|0px|60px|0px|false|false&#8221; custom_width_px__hover=&#8221;1080px&#8221; custom_width_px__hover_enabled=&#8221;1080px&#8221; custom_width_percent__hover=&#8221;80%&#8221; custom_width_percent__hover_enabled=&#8221;80%&#8221; locked=&#8221;off&#8221; parallax_1__hover=&#8221;off&#8221; parallax_1__hover_enabled=&#8221;off&#8221; parallax_2__hover=&#8221;off&#8221; parallax_2__hover_enabled=&#8221;off&#8221; parallax_3__hover=&#8221;off&#8221; parallax_3__hover_enabled=&#8221;off&#8221; parallax_method_1__hover=&#8221;on&#8221; parallax_method_1__hover_enabled=&#8221;on&#8221; parallax_method_2__hover=&#8221;on&#8221; parallax_method_2__hover_enabled=&#8221;on&#8221; parallax_method_3__hover=&#8221;on&#8221; parallax_method_3__hover_enabled=&#8221;on&#8221; use_background_color_gradient__hover=&#8221;off&#8221; use_background_color_gradient__hover_enabled=&#8221;off&#8221; background_color_gradient_start__hover=&#8221;#2b87da&#8221; background_color_gradient_start__hover_enabled=&#8221;#2b87da&#8221; background_color_gradient_end__hover=&#8221;#29c4a9&#8243; background_color_gradient_end__hover_enabled=&#8221;#29c4a9&#8243; background_color_gradient_type__hover=&#8221;linear&#8221; background_color_gradient_type__hover_enabled=&#8221;linear&#8221; background_color_gradient_direction__hover=&#8221;180deg&#8221; background_color_gradient_direction__hover_enabled=&#8221;180deg&#8221; background_color_gradient_direction_radial__hover=&#8221;center&#8221; background_color_gradient_direction_radial__hover_enabled=&#8221;center&#8221; background_color_gradient_start_position__hover=&#8221;0%&#8221; background_color_gradient_start_position__hover_enabled=&#8221;0%&#8221; background_color_gradient_end_position__hover=&#8221;100%&#8221; background_color_gradient_end_position__hover_enabled=&#8221;100%&#8221; background_color_gradient_overlays_image__hover=&#8221;off&#8221; background_color_gradient_overlays_image__hover_enabled=&#8221;off&#8221; parallax__hover=&#8221;off&#8221; parallax__hover_enabled=&#8221;off&#8221; parallax_method__hover=&#8221;on&#8221; parallax_method__hover_enabled=&#8221;on&#8221; background_size__hover=&#8221;cover&#8221; background_size__hover_enabled=&#8221;cover&#8221; background_position__hover=&#8221;center&#8221; background_position__hover_enabled=&#8221;center&#8221; background_repeat__hover=&#8221;no-repeat&#8221; background_repeat__hover_enabled=&#8221;no-repeat&#8221; background_blend__hover=&#8221;normal&#8221; [&hellip;]<\/p>\n","protected":false},"author":1,"featured_media":0,"parent":0,"menu_order":0,"comment_status":"closed","ping_status":"closed","template":"","meta":{"_et_pb_use_builder":"on","_et_pb_old_content":"","_et_gb_content_width":"","footnotes":""},"class_list":["post-2697","page","type-page","status-publish","hentry"],"_links":{"self":[{"href":"https:\/\/cryptos724.com\/it\/wp-json\/wp\/v2\/pages\/2697","targetHints":{"allow":["GET"]}}],"collection":[{"href":"https:\/\/cryptos724.com\/it\/wp-json\/wp\/v2\/pages"}],"about":[{"href":"https:\/\/cryptos724.com\/it\/wp-json\/wp\/v2\/types\/page"}],"author":[{"embeddable":true,"href":"https:\/\/cryptos724.com\/it\/wp-json\/wp\/v2\/users\/1"}],"replies":[{"embeddable":true,"href":"https:\/\/cryptos724.com\/it\/wp-json\/wp\/v2\/comments?post=2697"}],"version-history":[{"count":5,"href":"https:\/\/cryptos724.com\/it\/wp-json\/wp\/v2\/pages\/2697\/revisions"}],"predecessor-version":[{"id":2922,"href":"https:\/\/cryptos724.com\/it\/wp-json\/wp\/v2\/pages\/2697\/revisions\/2922"}],"wp:attachment":[{"href":"https:\/\/cryptos724.com\/it\/wp-json\/wp\/v2\/media?parent=2697"}],"curies":[{"name":"wp","href":"https:\/\/api.w.org\/{rel}","templated":true}]}}